{"id":29,"date":"2015-07-09T09:06:31","date_gmt":"2015-07-09T07:06:31","guid":{"rendered":"http:\/\/pneumologie-badtoelz.de\/?page_id=29"},"modified":"2025-02-26T16:14:05","modified_gmt":"2025-02-26T14:14:05","slug":"ueber-uns","status":"publish","type":"page","link":"https:\/\/pneumologie-badtoelz.de\/?page_id=29","title":{"rendered":"\u00dcber uns"},"content":{"rendered":"\n<p><p align=\"justify\">Wenn es um Ihre Gesundheit geht, sind neben Fachkompetenz auch Vertrauen, Menschlichkeit besonders wichtig. Deshalb nehmen wir uns Zeit f\u00fcr Sie, haben immer ein offenes Ohr f\u00fcr Ihre Anliegen und sorgen daf\u00fcr, dass Sie sich jederzeit bestens informiert f\u00fchlen. Daf\u00fcr steht unser ganzes Team Tag f\u00fcr Tag ein &#8211; damit Sie ganz ruhig durchatmen k\u00f6nnen! <\/p><\/p>\n\n\n\n<div style=\"height:30px\" aria-hidden=\"true\" class=\"wp-block-spacer\"><\/div>\n\n\n\n<div class=\"wp-block-group\"><div class=\"wp-block-group__inner-container is-layout-flow wp-block-group-is-layout-flow\">\n<div class=\"wp-block-cover has-background-dim-40 has-black-background-color has-background-dim has-custom-content-position is-position-bottom-left\"><img loading=\"lazy\" decoding=\"async\" width=\"853\" height=\"534\" class=\"wp-block-cover__image-background wp-image-381\" alt=\"\" src=\"https:\/\/pneumologie-badtoelz.de\/wp-content\/uploads\/2023\/01\/SB6.png\" style=\"object-position:48% 32%\" data-object-fit=\"cover\" data-object-position=\"48% 32%\" srcset=\"https:\/\/pneumologie-badtoelz.de\/wp-content\/uploads\/2023\/01\/SB6.png 853w, https:\/\/pneumologie-badtoelz.de\/wp-content\/uploads\/2023\/01\/SB6-610x382.png 610w, https:\/\/pneumologie-badtoelz.de\/wp-content\/uploads\/2023\/01\/SB6-768x481.png 768w, https:\/\/pneumologie-badtoelz.de\/wp-content\/uploads\/2023\/01\/SB6-240x150.png 240w, https:\/\/pneumologie-badtoelz.de\/wp-content\/uploads\/2023\/01\/SB6-400x250.png 400w, https:\/\/pneumologie-badtoelz.de\/wp-content\/uploads\/2023\/01\/SB6-300x188.png 300w\" sizes=\"auto, (max-width: 853px) 100vw, 853px\" \/><div class=\"wp-block-cover__inner-container is-layout-flow wp-block-cover-is-layout-flow\">\n<h2 class=\"wp-block-heading\"><strong>Dr. med. Sven B\u00f6hlandt<\/strong><\/h2>\n\n\n\n<h6 class=\"wp-block-heading\"><strong> <span class=\"has-inline-color has-white-color\">Facharzt f\u00fcr Innere Medizin, Pneumologie, <\/span><\/strong><br><strong><span class=\"has-inline-color has-white-color\">spezielle internistische Intensivmedizin, <\/span><\/strong><br><strong><span class=\"has-inline-color has-white-color\">Arzt im Rettungsdienst <\/span><\/strong><\/h6>\n\n\n\n<p><\/p>\n<\/div><\/div>\n<\/div><\/div>\n\n\n\n<div style=\"height:15px\" aria-hidden=\"true\" class=\"wp-block-spacer\"><\/div>\n\n\n\n<p align=\"justify\">Mein Name ist Dr. med. Sven B\u00f6hlandt. Studium und Promotion absolvierte ich an der Albert-Ludwigs-Universit\u00e4t Freiburg im Breisgau. Nach dem AiP-Abschnitt im <strong>Deutschen Herzzentrum M\u00fcnchen<\/strong> beendete ich meine Ausbildung zum Internisten im <strong>St\u00e4dtischen Klinikum M\u00fcnchen-Harlaching<\/strong>. Es folgte eine Weiterbildung zur \u201einternistischen Intensivmedizin\u201c und die Ausbildung in den <strong>Aesklepios Fachkliniken M\u00fcnchen-Gauting<\/strong> sowie am <strong>St\u00e4dtischen Klinikum M\u00fcnchen-Harlaching <\/strong>zum Facharzt f\u00fcr Pneumologie. Von 2011 bis zur \u00dcbernahme der pneumologischen Facharztpraxis im Jahr 2015 war ich als pneumologisch-internistischer Oberarzt in der <strong>Internistischen Klinik Dr. M\u00fcller<\/strong>, M\u00fcnchen, t\u00e4tig. Ich bin Mitglied in der <strong>\u201eDeutschen Gesellschaft f\u00fcr Pneumologie und Beatmungsmedizin\u201c<\/strong> sowie im <strong>\u201eBund deutscher Internisten\u201c<\/strong><\/p>\n\n\n\n<div style=\"height:26px\" aria-hidden=\"true\" class=\"wp-block-spacer\"><\/div>\n\n\n\n<h5 class=\"wp-block-heading\">Unsere Mitarbeiterinnen<\/h5>\n\n\n\n<div class=\"wp-block-columns is-layout-flex wp-container-core-columns-is-layout-1 wp-block-columns-is-layout-flex\">\n<div class=\"wp-block-column is-layout-flow wp-block-column-is-layout-flow\" style=\"flex-basis:25%\"><\/div>\n\n\n\n<div class=\"wp-block-column is-layout-flow wp-block-column-is-layout-flow\" style=\"flex-basis:25%\">\n<div class=\"wp-block-cover aligncenter has-background-dim\"><img loading=\"lazy\" decoding=\"async\" width=\"400\" height=\"600\" class=\"wp-block-cover__image-background wp-image-360\" alt=\"\" src=\"https:\/\/pneumologie-badtoelz.de\/wp-content\/uploads\/2023\/01\/Unbekannt.png\" style=\"object-position:44% 29%\" data-object-fit=\"cover\" data-object-position=\"44% 29%\" srcset=\"https:\/\/pneumologie-badtoelz.de\/wp-content\/uploads\/2023\/01\/Unbekannt.png 400w, https:\/\/pneumologie-badtoelz.de\/wp-content\/uploads\/2023\/01\/Unbekannt-100x150.png 100w, https:\/\/pneumologie-badtoelz.de\/wp-content\/uploads\/2023\/01\/Unbekannt-300x450.png 300w\" sizes=\"auto, (max-width: 400px) 100vw, 400px\" \/><div class=\"wp-block-cover__inner-container is-layout-flow wp-block-cover-is-layout-flow\">\n<p><\/p>\n\n\n\n<h2 class=\"wp-block-heading\"><strong>Marion <\/strong><\/h2>\n<\/div><\/div>\n<\/div>\n\n\n\n<div class=\"wp-block-column is-layout-flow wp-block-column-is-layout-flow\" style=\"flex-basis:25%\">\n<div class=\"wp-block-cover aligncenter has-background-dim\"><img loading=\"lazy\" decoding=\"async\" width=\"400\" height=\"600\" class=\"wp-block-cover__image-background wp-image-362\" alt=\"\" src=\"https:\/\/pneumologie-badtoelz.de\/wp-content\/uploads\/2023\/01\/Alexandra_MTA-2.png\" style=\"object-position:54% 27%\" data-object-fit=\"cover\" data-object-position=\"54% 27%\" srcset=\"https:\/\/pneumologie-badtoelz.de\/wp-content\/uploads\/2023\/01\/Alexandra_MTA-2.png 400w, https:\/\/pneumologie-badtoelz.de\/wp-content\/uploads\/2023\/01\/Alexandra_MTA-2-100x150.png 100w, https:\/\/pneumologie-badtoelz.de\/wp-content\/uploads\/2023\/01\/Alexandra_MTA-2-300x450.png 300w\" sizes=\"auto, (max-width: 400px) 100vw, 400px\" \/><div class=\"wp-block-cover__inner-container is-layout-flow wp-block-cover-is-layout-flow\">\n<p><\/p>\n\n\n\n<h2 class=\"wp-block-heading\"><strong>Alexandra<\/strong><\/h2>\n<\/div><\/div>\n<\/div>\n\n\n\n<div class=\"wp-block-column is-layout-flow wp-block-column-is-layout-flow\" style=\"flex-basis:25%\">\n<div class=\"wp-block-cover aligncenter has-background-dim\"><img loading=\"lazy\" decoding=\"async\" width=\"400\" height=\"600\" class=\"wp-block-cover__image-background wp-image-419\" alt=\"\" src=\"https:\/\/pneumologie-badtoelz.de\/wp-content\/uploads\/2023\/01\/Steffi.png\" style=\"object-position:48% 33%\" data-object-fit=\"cover\" data-object-position=\"48% 33%\" srcset=\"https:\/\/pneumologie-badtoelz.de\/wp-content\/uploads\/2023\/01\/Steffi.png 400w, https:\/\/pneumologie-badtoelz.de\/wp-content\/uploads\/2023\/01\/Steffi-100x150.png 100w, https:\/\/pneumologie-badtoelz.de\/wp-content\/uploads\/2023\/01\/Steffi-300x450.png 300w\" sizes=\"auto, (max-width: 400px) 100vw, 400px\" \/><div class=\"wp-block-cover__inner-container is-layout-flow wp-block-cover-is-layout-flow\">\n<p><\/p>\n\n\n\n<h2 class=\"wp-block-heading\"><strong>Steffi<\/strong><\/h2>\n<\/div><\/div>\n<\/div>\n<\/div>\n\n\n\n<div style=\"height:21px\" aria-hidden=\"true\" class=\"wp-block-spacer\"><\/div>\n\n\n\n<h5 class=\"wp-block-heading\">Unsere Praxis<\/h5>\n\n\n\n<figure class=\"wp-block-gallery columns-3 is-cropped wp-block-gallery-1 is-layout-flex wp-block-gallery-is-layout-flex\"><ul class=\"blocks-gallery-grid\"><li class=\"blocks-gallery-item\"><figure><a href=\"https:\/\/pneumologie-badtoelz.de\/wp-content\/uploads\/2023\/01\/LuFo-930x1395.png\"><img loading=\"lazy\" decoding=\"async\" width=\"930\" height=\"1395\" src=\"https:\/\/pneumologie-badtoelz.de\/wp-content\/uploads\/2023\/01\/LuFo-930x1395.png\" alt=\"\" data-id=\"461\" data-link=\"https:\/\/pneumologie-badtoelz.de\/?attachment_id=461\" class=\"wp-image-461\" srcset=\"https:\/\/pneumologie-badtoelz.de\/wp-content\/uploads\/2023\/01\/LuFo-930x1395.png 930w, https:\/\/pneumologie-badtoelz.de\/wp-content\/uploads\/2023\/01\/LuFo-610x915.png 610w, https:\/\/pneumologie-badtoelz.de\/wp-content\/uploads\/2023\/01\/LuFo-768x1152.png 768w, https:\/\/pneumologie-badtoelz.de\/wp-content\/uploads\/2023\/01\/LuFo-1024x1536.png 1024w, https:\/\/pneumologie-badtoelz.de\/wp-content\/uploads\/2023\/01\/LuFo-1365x2048.png 1365w, https:\/\/pneumologie-badtoelz.de\/wp-content\/uploads\/2023\/01\/LuFo-100x150.png 100w, https:\/\/pneumologie-badtoelz.de\/wp-content\/uploads\/2023\/01\/LuFo-1600x2400.png 1600w, https:\/\/pneumologie-badtoelz.de\/wp-content\/uploads\/2023\/01\/LuFo-400x600.png 400w, https:\/\/pneumologie-badtoelz.de\/wp-content\/uploads\/2023\/01\/LuFo-300x450.png 300w\" sizes=\"auto, (max-width: 930px) 100vw, 930px\" \/><\/a><\/figure><\/li><li class=\"blocks-gallery-item\"><figure><a href=\"https:\/\/pneumologie-badtoelz.de\/wp-content\/uploads\/2023\/01\/Sprechzimmer.png\"><img loading=\"lazy\" decoding=\"async\" width=\"533\" height=\"800\" src=\"https:\/\/pneumologie-badtoelz.de\/wp-content\/uploads\/2023\/01\/Sprechzimmer.png\" alt=\"\" data-id=\"463\" data-link=\"https:\/\/pneumologie-badtoelz.de\/?attachment_id=463\" class=\"wp-image-463\" srcset=\"https:\/\/pneumologie-badtoelz.de\/wp-content\/uploads\/2023\/01\/Sprechzimmer.png 533w, https:\/\/pneumologie-badtoelz.de\/wp-content\/uploads\/2023\/01\/Sprechzimmer-100x150.png 100w, https:\/\/pneumologie-badtoelz.de\/wp-content\/uploads\/2023\/01\/Sprechzimmer-400x600.png 400w, https:\/\/pneumologie-badtoelz.de\/wp-content\/uploads\/2023\/01\/Sprechzimmer-300x450.png 300w\" sizes=\"auto, (max-width: 533px) 100vw, 533px\" \/><\/a><\/figure><\/li><li class=\"blocks-gallery-item\"><figure><a href=\"https:\/\/pneumologie-badtoelz.de\/wp-content\/uploads\/2023\/01\/Roentgen.png\"><img loading=\"lazy\" decoding=\"async\" width=\"800\" height=\"533\" src=\"https:\/\/pneumologie-badtoelz.de\/wp-content\/uploads\/2023\/01\/Roentgen.png\" alt=\"\" data-id=\"464\" data-link=\"https:\/\/pneumologie-badtoelz.de\/?attachment_id=464\" class=\"wp-image-464\" srcset=\"https:\/\/pneumologie-badtoelz.de\/wp-content\/uploads\/2023\/01\/Roentgen.png 800w, https:\/\/pneumologie-badtoelz.de\/wp-content\/uploads\/2023\/01\/Roentgen-610x406.png 610w, https:\/\/pneumologie-badtoelz.de\/wp-content\/uploads\/2023\/01\/Roentgen-768x512.png 768w, https:\/\/pneumologie-badtoelz.de\/wp-content\/uploads\/2023\/01\/Roentgen-225x150.png 225w, https:\/\/pneumologie-badtoelz.de\/wp-content\/uploads\/2023\/01\/Roentgen-400x267.png 400w, https:\/\/pneumologie-badtoelz.de\/wp-content\/uploads\/2023\/01\/Roentgen-300x200.png 300w\" sizes=\"auto, (max-width: 800px) 100vw, 800px\" \/><\/a><\/figure><\/li><li class=\"blocks-gallery-item\"><figure><a href=\"https:\/\/pneumologie-badtoelz.de\/wp-content\/uploads\/2023\/01\/Wartebereich.png\"><img loading=\"lazy\" decoding=\"async\" width=\"533\" height=\"800\" src=\"https:\/\/pneumologie-badtoelz.de\/wp-content\/uploads\/2023\/01\/Wartebereich.png\" alt=\"\" data-id=\"465\" data-link=\"https:\/\/pneumologie-badtoelz.de\/?attachment_id=465\" class=\"wp-image-465\" srcset=\"https:\/\/pneumologie-badtoelz.de\/wp-content\/uploads\/2023\/01\/Wartebereich.png 533w, https:\/\/pneumologie-badtoelz.de\/wp-content\/uploads\/2023\/01\/Wartebereich-100x150.png 100w, https:\/\/pneumologie-badtoelz.de\/wp-content\/uploads\/2023\/01\/Wartebereich-400x600.png 400w, https:\/\/pneumologie-badtoelz.de\/wp-content\/uploads\/2023\/01\/Wartebereich-300x450.png 300w\" sizes=\"auto, (max-width: 533px) 100vw, 533px\" \/><\/a><\/figure><\/li><li class=\"blocks-gallery-item\"><figure><a href=\"https:\/\/pneumologie-badtoelz.de\/wp-content\/uploads\/2023\/01\/Aussen.png\"><img loading=\"lazy\" decoding=\"async\" width=\"930\" height=\"1395\" src=\"https:\/\/pneumologie-badtoelz.de\/wp-content\/uploads\/2023\/01\/Aussen-930x1395.png\" alt=\"\" data-id=\"469\" data-full-url=\"https:\/\/pneumologie-badtoelz.de\/wp-content\/uploads\/2023\/01\/Aussen.png\" data-link=\"https:\/\/pneumologie-badtoelz.de\/?attachment_id=469\" class=\"wp-image-469\" srcset=\"https:\/\/pneumologie-badtoelz.de\/wp-content\/uploads\/2023\/01\/Aussen-930x1395.png 930w, https:\/\/pneumologie-badtoelz.de\/wp-content\/uploads\/2023\/01\/Aussen-610x915.png 610w, https:\/\/pneumologie-badtoelz.de\/wp-content\/uploads\/2023\/01\/Aussen-768x1152.png 768w, https:\/\/pneumologie-badtoelz.de\/wp-content\/uploads\/2023\/01\/Aussen-1024x1536.png 1024w, https:\/\/pneumologie-badtoelz.de\/wp-content\/uploads\/2023\/01\/Aussen-1365x2048.png 1365w, https:\/\/pneumologie-badtoelz.de\/wp-content\/uploads\/2023\/01\/Aussen-100x150.png 100w, https:\/\/pneumologie-badtoelz.de\/wp-content\/uploads\/2023\/01\/Aussen-1600x2400.png 1600w, https:\/\/pneumologie-badtoelz.de\/wp-content\/uploads\/2023\/01\/Aussen-400x600.png 400w, https:\/\/pneumologie-badtoelz.de\/wp-content\/uploads\/2023\/01\/Aussen-300x450.png 300w\" sizes=\"auto, (max-width: 930px) 100vw, 930px\" \/><\/a><\/figure><\/li><li class=\"blocks-gallery-item\"><figure><a href=\"https:\/\/pneumologie-badtoelz.de\/wp-content\/uploads\/2023\/01\/Behandlung-2.png\"><img loading=\"lazy\" decoding=\"async\" width=\"800\" height=\"533\" src=\"https:\/\/pneumologie-badtoelz.de\/wp-content\/uploads\/2023\/01\/Behandlung-2.png\" alt=\"\" data-id=\"467\" data-link=\"https:\/\/pneumologie-badtoelz.de\/?attachment_id=467\" class=\"wp-image-467\" srcset=\"https:\/\/pneumologie-badtoelz.de\/wp-content\/uploads\/2023\/01\/Behandlung-2.png 800w, https:\/\/pneumologie-badtoelz.de\/wp-content\/uploads\/2023\/01\/Behandlung-2-610x406.png 610w, https:\/\/pneumologie-badtoelz.de\/wp-content\/uploads\/2023\/01\/Behandlung-2-768x512.png 768w, https:\/\/pneumologie-badtoelz.de\/wp-content\/uploads\/2023\/01\/Behandlung-2-225x150.png 225w, https:\/\/pneumologie-badtoelz.de\/wp-content\/uploads\/2023\/01\/Behandlung-2-400x267.png 400w, https:\/\/pneumologie-badtoelz.de\/wp-content\/uploads\/2023\/01\/Behandlung-2-300x200.png 300w\" sizes=\"auto, (max-width: 800px) 100vw, 800px\" \/><\/a><\/figure><\/li><\/ul><\/figure>\n","protected":false},"excerpt":{"rendered":"<p>Wenn es um Ihre Gesundheit geht, sind neben Fachkompetenz auch Vertrauen, Menschlichkeit besonders wichtig. Deshalb nehmen wir uns Zeit f\u00fcr Sie, haben immer ein offenes Ohr f\u00fcr Ihre Anliegen und sorgen daf\u00fcr, dass Sie sich jederzeit bestens informiert f\u00fchlen. Daf\u00fcr steht unser ganzes Team Tag f\u00fcr Tag ein &#8211; damit Sie ganz ruhig durchatmen k\u00f6nnen! [&hellip;]<\/p>\n","protected":false},"author":1,"featured_media":296,"parent":0,"menu_order":0,"comment_status":"closed","ping_status":"closed","template":"","meta":{"footnotes":""},"class_list":["post-29","page","type-page","status-publish","has-post-thumbnail","hentry"],"_links":{"self":[{"href":"https:\/\/pneumologie-badtoelz.de\/index.php?rest_route=\/wp\/v2\/pages\/29","targetHints":{"allow":["GET"]}}],"collection":[{"href":"https:\/\/pneumologie-badtoelz.de\/index.php?rest_route=\/wp\/v2\/pages"}],"about":[{"href":"https:\/\/pneumologie-badtoelz.de\/index.php?rest_route=\/wp\/v2\/types\/page"}],"author":[{"embeddable":true,"href":"https:\/\/pneumologie-badtoelz.de\/index.php?rest_route=\/wp\/v2\/users\/1"}],"replies":[{"embeddable":true,"href":"https:\/\/pneumologie-badtoelz.de\/index.php?rest_route=%2Fwp%2Fv2%2Fcomments&post=29"}],"version-history":[{"count":77,"href":"https:\/\/pneumologie-badtoelz.de\/index.php?rest_route=\/wp\/v2\/pages\/29\/revisions"}],"predecessor-version":[{"id":510,"href":"https:\/\/pneumologie-badtoelz.de\/index.php?rest_route=\/wp\/v2\/pages\/29\/revisions\/510"}],"wp:featuredmedia":[{"embeddable":true,"href":"https:\/\/pneumologie-badtoelz.de\/index.php?rest_route=\/wp\/v2\/media\/296"}],"wp:attachment":[{"href":"https:\/\/pneumologie-badtoelz.de\/index.php?rest_route=%2Fwp%2Fv2%2Fmedia&parent=29"}],"curies":[{"name":"wp","href":"https:\/\/api.w.org\/{rel}","templated":true}]}}