{"id":37,"date":"2015-07-09T12:28:15","date_gmt":"2015-07-09T10:28:15","guid":{"rendered":"http:\/\/pneumologie-badtoelz.de\/?page_id=37"},"modified":"2023-01-06T18:58:41","modified_gmt":"2023-01-06T16:58:41","slug":"anfahrt","status":"publish","type":"page","link":"https:\/\/pneumologie-badtoelz.de\/?page_id=37","title":{"rendered":"Anfahrt"},"content":{"rendered":"<p><iframe loading=\"lazy\" style=\"border: 1px solid black;\" src=\"https:\/\/www.openstreetmap.org\/export\/embed.html?bbox=11.56460165977478%2C47.759770809144015%2C11.569966077804565%2C47.76226622544948&amp;layer=mapnik&amp;marker=47.761018532258916%2C11.567283868789673\" width=\"425\" height=\"350\" frameborder=\"0\" marginwidth=\"0\" marginheight=\"0\" scrolling=\"no\"><\/iframe><br \/><small><a href=\"https:\/\/www.openstreetmap.org\/?mlat=47.76102&amp;mlon=11.56728#map=18\/47.76102\/11.56728\">Gr\u00f6\u00dfere Karte anzeigen<\/a><\/small><\/p>\n<p>Gai\u00dfacher Str. 3<br \/>83646 Bad T\u00f6lz<\/p>\n<p><strong>Koordinaten f\u00fcr Navigationssysteme:<\/strong><br \/>47.76122174437468, 11.567216782707693<\/p>\n<p><strong>Parkpl\u00e4tze f\u00fcr unsere Patienten sind vorhanden.<\/strong><\/p>\n\n\n<div class=\"wp-block-cover has-background-dim\" style=\"min-height:390px;aspect-ratio:unset;\"><img loading=\"lazy\" decoding=\"async\" width=\"800\" height=\"554\" class=\"wp-block-cover__image-background wp-image-449\" alt=\"\" src=\"https:\/\/pneumologie-badtoelz.de\/wp-content\/uploads\/2023\/01\/Barrierfreiheit.png\" data-object-fit=\"cover\" srcset=\"https:\/\/pneumologie-badtoelz.de\/wp-content\/uploads\/2023\/01\/Barrierfreiheit.png 800w, https:\/\/pneumologie-badtoelz.de\/wp-content\/uploads\/2023\/01\/Barrierfreiheit-610x422.png 610w, https:\/\/pneumologie-badtoelz.de\/wp-content\/uploads\/2023\/01\/Barrierfreiheit-768x532.png 768w, https:\/\/pneumologie-badtoelz.de\/wp-content\/uploads\/2023\/01\/Barrierfreiheit-217x150.png 217w, https:\/\/pneumologie-badtoelz.de\/wp-content\/uploads\/2023\/01\/Barrierfreiheit-400x277.png 400w, https:\/\/pneumologie-badtoelz.de\/wp-content\/uploads\/2023\/01\/Barrierfreiheit-300x208.png 300w\" sizes=\"auto, (max-width: 800px) 100vw, 800px\" \/><div class=\"wp-block-cover__inner-container is-layout-flow wp-block-cover-is-layout-flow\">\n<p class=\"has-large-font-size\"><strong>Der Zugang zu unseren Praxisr\u00e4umen ist nat\u00fcrlich barrierefrei!<\/strong><\/p>\n<\/div><\/div>\n\n\n\n<p><\/p>\n","protected":false},"excerpt":{"rendered":"<p>Gr\u00f6\u00dfere Karte anzeigen Gai\u00dfacher Str. 383646 Bad T\u00f6lz Koordinaten f\u00fcr Navigationssysteme:47.76122174437468, 11.567216782707693 Parkpl\u00e4tze f\u00fcr unsere Patienten sind vorhanden.<\/p>\n","protected":false},"author":1,"featured_media":280,"parent":0,"menu_order":0,"comment_status":"closed","ping_status":"closed","template":"","meta":{"footnotes":""},"class_list":["post-37","page","type-page","status-publish","has-post-thumbnail","hentry"],"_links":{"self":[{"href":"https:\/\/pneumologie-badtoelz.de\/index.php?rest_route=\/wp\/v2\/pages\/37","targetHints":{"allow":["GET"]}}],"collection":[{"href":"https:\/\/pneumologie-badtoelz.de\/index.php?rest_route=\/wp\/v2\/pages"}],"about":[{"href":"https:\/\/pneumologie-badtoelz.de\/index.php?rest_route=\/wp\/v2\/types\/page"}],"author":[{"embeddable":true,"href":"https:\/\/pneumologie-badtoelz.de\/index.php?rest_route=\/wp\/v2\/users\/1"}],"replies":[{"embeddable":true,"href":"https:\/\/pneumologie-badtoelz.de\/index.php?rest_route=%2Fwp%2Fv2%2Fcomments&post=37"}],"version-history":[{"count":15,"href":"https:\/\/pneumologie-badtoelz.de\/index.php?rest_route=\/wp\/v2\/pages\/37\/revisions"}],"predecessor-version":[{"id":456,"href":"https:\/\/pneumologie-badtoelz.de\/index.php?rest_route=\/wp\/v2\/pages\/37\/revisions\/456"}],"wp:featuredmedia":[{"embeddable":true,"href":"https:\/\/pneumologie-badtoelz.de\/index.php?rest_route=\/wp\/v2\/media\/280"}],"wp:attachment":[{"href":"https:\/\/pneumologie-badtoelz.de\/index.php?rest_route=%2Fwp%2Fv2%2Fmedia&parent=37"}],"curies":[{"name":"wp","href":"https:\/\/api.w.org\/{rel}","templated":true}]}}