{"id":87,"date":"2018-03-04T21:46:31","date_gmt":"2018-03-04T19:46:31","guid":{"rendered":"http:\/\/pneumologie-badtoelz.de\/?page_id=87"},"modified":"2024-10-06T20:33:56","modified_gmt":"2024-10-06T18:33:56","slug":"87-2","status":"publish","type":"page","link":"https:\/\/pneumologie-badtoelz.de\/?page_id=87","title":{"rendered":"Datenschutz"},"content":{"rendered":"<p><strong>Verantwortlichkeit f\u00fcr die Datenverarbeitung<\/strong><\/p>\n<p>Verantwortlich f\u00fcr die Datenverarbeitung ist:<br \/>\nPneumologie Bad Toelz<br \/>\nGai\u00dfacher Str. 3<br \/>\n83646 Bad T\u00f6lz<\/p>\n<p>Tel.: <a href=\"tel:+49080412586\">+49 (0)8041 2586<\/a><br \/>\nFax: 08041\/1793<br \/>\nMail: <a href=\"mailto: praxis@pneumologie-badtoelz.de\">praxis@pneumologie-badtoelz.de<\/a><\/p>\n<p>Sie erreichen den zust\u00e4ndigen Datenschutzbeauftragten unter:<br \/>\nDr. Sven B\u00f6hlandt<br \/>\nGai\u00dfacher Str. 3<br \/>\n83646 Bad T\u00f6lz<br \/>\nTel.: 08041\/2586<\/p>\n<p><strong>Geltungsbereich<\/strong><\/p>\n<p>Diese Datenschutzerkl\u00e4rung soll die Nutzer dieser Website gem\u00e4\u00df Bundesdatenschutzgesetz und Telemediengesetz \u00fcber die Art, den Umfang und den Zweck der Erhebung und Verwendung personenbezogener Daten durch den Websitebetreiber Dr. med. Sven B\u00f6hlandt informieren.<\/p>\n<p>Der Websitebetreiber nimmt Ihren Datenschutz sehr ernst und behandelt Ihre personenbezogenen Daten vertraulich und entsprechend der gesetzlichen Vorschriften.<\/p>\n<p>Bedenken Sie, dass die Daten\u00fcbertragung im Internet grunds\u00e4tzlich mit Sicherheitsl\u00fccken bedacht sein kann. Ein vollumf\u00e4nglicher Schutz vor dem Zugriff durch Fremde ist nicht realisierbar.<\/p>\n<p><strong>Zugriffsdaten<\/strong><\/p>\n<p>Der Websitebetreiber bzw. Seitenprovider erhebt Daten \u00fcber Zugriffe auf die Seite und speichert diese als \u201eServer-Logfiles\u201c ab. Rechtsgrundlage hierf\u00fcr ist Art. 6 der DSGVO. Folgende Daten werden so protokolliert:<\/p>\n<p>\u2022 Besuchte Website<br \/>\n\u2022 Uhrzeit zum Zeitpunkt des Zugriffes<br \/>\n\u2022 Menge der gesendeten Daten in Byte<br \/>\n\u2022 Quelle\/Verweis, von welchem Sie auf die Seite gelangten<br \/>\n\u2022 Verwendeter Browser<br \/>\n\u2022 Verwendetes Betriebssystem<br \/>\n\u2022 Verwendete IP-Adresse<\/p>\n<p>Dies sind anonymisierte, nicht personenbezogene Daten. Sie werden ausschlie\u00dflich zu statistischen Zwecken ausgewertet. Eine Weitergabe an Dritte findet nicht statt, weder zu kommerziellen noch zu nichtkommerziellen Zwecken.<\/p>\n<p>Der Websitebetreiber beh\u00e4lt sich allerdings vor, die Server-Logfiles nachtr\u00e4glich zu \u00fcberpr\u00fcfen, sollten konkrete Anhaltspunkte auf eine rechtswidrige Nutzung hinweisen.<\/p>\n<p><strong>Cookies<\/strong><\/p>\n<p>Diese Website verwendet Cookies. Dabei handelt es sich um kleine Textdateien, welche auf Ihrem Endger\u00e4t gespeichert werden. Ihr Browser greift auf diese Dateien zu. Durch den Einsatz von Cookies erh\u00f6ht sich die Benutzerfreundlichkeit und Sicherheit dieser Website.<\/p>\n<p>G\u00e4ngige Browser bieten die Einstellungsoption, Cookies nicht zuzulassen. Hinweis: Es ist nicht gew\u00e4hrleistet, dass Sie auf alle Funktionen dieser Website ohne Einschr\u00e4nkungen zugreifen k\u00f6nnen, wenn Sie entsprechende Einstellungen vornehmen.<\/p>\n<p><strong>Umgang mit personenbezogenen Daten<\/strong><\/p>\n<p>Der Websitebetreiber erhebt, nutzt und gibt Ihre personenbezogenen Daten nur dann weiter, wenn dies im gesetzlichen Rahmen erlaubt ist oder Sie in die Datenerhebung einwilligen.<\/p>\n<p>Als personenbezogene Daten gelten s\u00e4mtliche Informationen, welche dazu dienen, Ihre Person zu bestimmen und welche zu Ihnen zur\u00fcckverfolgt werden k\u00f6nnen \u2013 also beispielsweise Ihr Name, Ihre E-Mail-Adresse und Telefonnummer.<\/p>\n<p><strong>Umgang mit Kontaktdaten<\/strong><\/p>\n<p>Nehmen Sie mit dem Websitebetreiber durch die angebotenen Kontaktm\u00f6glichkeiten Verbindung auf, werden Ihre Angaben gespeichert, damit auf diese zur Bearbeitung und Beantwortung Ihrer Anfrage zur\u00fcckgegriffen werden kann. Ohne Ihre Einwilligung werden diese Daten nicht an Dritte weitergegeben.<\/p>\n<p><strong>Rechte des Nutzers: Auskunft, Berichtigung und L\u00f6schung<\/strong><\/p>\n<p>Sie als Nutzer erhalten auf Antrag Ihrerseits kostenlose Auskunft dar\u00fcber, welche personenbezogenen Daten \u00fcber Sie gespeichert wurden. Sofern Ihr Wunsch nicht mit einer gesetzlichen Pflicht zur Aufbewahrung von Daten (z. B. Vorratsdatenspeicherung) kollidiert, haben Sie ein Anrecht auf Berichtigung falscher Daten und auf die Sperrung oder L\u00f6schung Ihrer personenbezogenen Daten.<\/p>\n<p><strong>Links<\/strong><\/p>\n<p>Unser Angebot enth\u00e4lt Links zu externen Webseiten Dritter, auf deren Inhalte wir keinen Einfluss haben. Deshalb k\u00f6nnen wir f\u00fcr diese fremden Inhalte auch keine Gew\u00e4hr \u00fcbernehmen. F\u00fcr die Inhalte der verlinkten Seiten ist stets der jeweilige Anbieter oder Betreiber der Seiten verantwortlich. Die verlinkten Seiten wurden zum Zeitpunkt der Verlinkung auf m\u00f6gliche Rechtsverst\u00f6\u00dfe \u00fcberpr\u00fcft. Rechtswidrige Inhalte waren zum Zeitpunkt der Verlinkung nicht erkennbar. Eine permanente inhaltliche Kontrolle der verlinkten Seiten ist jedoch ohne konkrete Anhaltspunkte einer Rechtsverletzung nicht zumutbar. Bei bekannt werden von Rechtsverletzungen werden wir derartige Links umgehend entfernen.<\/p>\n<p>Die Verwendung der Kontaktdaten der Anbieterkennzeichnung &#8211; insbesondere der Telefon-\/Faxnummern und E-Mailadresse &#8211; zur gewerblichen Werbung ist ausdr\u00fccklich nicht erw\u00fcnscht, es sei denn, der Anbieter hatte zuvor seine schriftliche Einwilligung erteilt oder es besteht bereits ein gesch\u00e4ftlicher Kontakt. Im Falle der Zuwiderhandlung beh\u00e4lt sich der Anbieter rechtliche Schritte vor.<\/p>\n<p><strong>Rechtliche Grundlagen<br \/>\n<\/strong><\/p>\n<p>Rechtsgrundlage f\u00fcr die Verarbeitung Ihrer Daten ist Artikel 9 Absatz 2 lit. h) DSGVO in Verbindung mit Paragraf 22 Absatz 1 Nr. 1 lit. b) Bundesdatenschutzgesetz. Sollten Sie Fragen haben, k\u00f6nnen Sie sich gern an uns wenden. Ihr Praxisteam der\u2028 pneumologischen Praxis Bad T\u00f6lz.<\/p>\n","protected":false},"excerpt":{"rendered":"<p>Verantwortlichkeit f\u00fcr die Datenverarbeitung Verantwortlich f\u00fcr die Datenverarbeitung ist: Pneumologie Bad Toelz Gai\u00dfacher Str. 3 83646 Bad T\u00f6lz Tel.: +49 (0)8041 2586 Fax: 08041\/1793 Mail: praxis@pneumologie-badtoelz.de Sie erreichen den zust\u00e4ndigen Datenschutzbeauftragten unter: Dr. Sven B\u00f6hlandt Gai\u00dfacher Str. 3 83646 Bad T\u00f6lz Tel.: 08041\/2586 Geltungsbereich Diese Datenschutzerkl\u00e4rung soll die Nutzer dieser Website gem\u00e4\u00df Bundesdatenschutzgesetz und Telemediengesetz [&hellip;]<\/p>\n","protected":false},"author":1,"featured_media":0,"parent":0,"menu_order":0,"comment_status":"closed","ping_status":"closed","template":"","meta":{"footnotes":""},"class_list":["post-87","page","type-page","status-publish","hentry"],"_links":{"self":[{"href":"https:\/\/pneumologie-badtoelz.de\/index.php?rest_route=\/wp\/v2\/pages\/87","targetHints":{"allow":["GET"]}}],"collection":[{"href":"https:\/\/pneumologie-badtoelz.de\/index.php?rest_route=\/wp\/v2\/pages"}],"about":[{"href":"https:\/\/pneumologie-badtoelz.de\/index.php?rest_route=\/wp\/v2\/types\/page"}],"author":[{"embeddable":true,"href":"https:\/\/pneumologie-badtoelz.de\/index.php?rest_route=\/wp\/v2\/users\/1"}],"replies":[{"embeddable":true,"href":"https:\/\/pneumologie-badtoelz.de\/index.php?rest_route=%2Fwp%2Fv2%2Fcomments&post=87"}],"version-history":[{"count":6,"href":"https:\/\/pneumologie-badtoelz.de\/index.php?rest_route=\/wp\/v2\/pages\/87\/revisions"}],"predecessor-version":[{"id":504,"href":"https:\/\/pneumologie-badtoelz.de\/index.php?rest_route=\/wp\/v2\/pages\/87\/revisions\/504"}],"wp:attachment":[{"href":"https:\/\/pneumologie-badtoelz.de\/index.php?rest_route=%2Fwp%2Fv2%2Fmedia&parent=87"}],"curies":[{"name":"wp","href":"https:\/\/api.w.org\/{rel}","templated":true}]}}