{"id":9,"date":"2015-06-15T21:30:39","date_gmt":"2015-06-15T19:30:39","guid":{"rendered":"http:\/\/pneumologie-badtoelz.de\/?page_id=9"},"modified":"2023-10-30T01:40:45","modified_gmt":"2023-10-29T23:40:45","slug":"kontakt","status":"publish","type":"page","link":"https:\/\/pneumologie-badtoelz.de\/?page_id=9","title":{"rendered":"Kontakt"},"content":{"rendered":"\n<h5 class=\"wp-block-heading\"><strong>Dr. med. Sven B\u00f6hlandt<\/strong><\/h5>\n\n\n\n<p>Facharzt f\u00fcr Lungenheilkunde<br>Gai\u00dfacherstr. 3<br>83646 Bad T\u00f6lz<\/p>\n\n\n\n<p>Tel.: <a href=\"tel:+49080412586\">+49 (0)8041 2586<\/a><br>Fax: 08041\/1793<\/p>\n\n\n\n<p><strong>Der Zugang zu den Praxisr\u00e4umen ist<\/strong> <strong>barrierefrei<\/strong>.<\/p>\n\n\n\n<p><br><strong>Bitte beachten Sie beim Besuch unserer Praxis , dass Sie bei grippalen Infektzeichen R\u00fccksprache mit der Praxis halten und nicht direkt einen Online-Termin vereinbaren. <\/strong><\/p>\n\n\n\n<p><strong>Wir bitten bei deutlichen grippalen Infektzeichen zum Schutz der Patientinnen und Patienten sowie des Personals, eine FFP2-Atemschutzmaske zutragen.<\/strong><br><\/p>\n\n\n\n<div style=\"height:20px\" aria-hidden=\"true\" class=\"wp-block-spacer\"><\/div>\n\n\n\n<figure class=\"wp-block-image is-resized\"><a href=\"https:\/\/webtermin.medatixx.de\/#\/166c3537-2716-4892-94e4-29260e838475\"><img loading=\"lazy\" decoding=\"async\" src=\"https:\/\/pneumologie-badtoelz.de\/wp-content\/uploads\/2021\/01\/Onlinetermin.png\" alt=\"\" class=\"wp-image-166\" width=\"312\" height=\"104\" srcset=\"https:\/\/pneumologie-badtoelz.de\/wp-content\/uploads\/2021\/01\/Onlinetermin.png 600w, https:\/\/pneumologie-badtoelz.de\/wp-content\/uploads\/2021\/01\/Onlinetermin-450x150.png 450w, https:\/\/pneumologie-badtoelz.de\/wp-content\/uploads\/2021\/01\/Onlinetermin-400x133.png 400w, https:\/\/pneumologie-badtoelz.de\/wp-content\/uploads\/2021\/01\/Onlinetermin-300x100.png 300w\" sizes=\"auto, (max-width: 312px) 100vw, 312px\" \/><\/a><\/figure>\n\n\n\n<p><\/p>\n\n\n\n<div style=\"height:31px\" aria-hidden=\"true\" class=\"wp-block-spacer\"><\/div>\n\n\n\n<p>Sie k\u00f6nnen uns aber auch wie gewohnt per E-Mail kontaktieren:<\/p>\n\n\n\n<p>F\u00fcr die <strong>Terminvereinbarung<\/strong> erreichen Sie uns unter:<br><a href=\"mailto:termine@pneumologie-badtoelz.de\" target=\"_blank\" rel=\"noreferrer noopener\">termine@pneumologie-badtoelz.de<\/a><\/p>\n\n\n\n<p>F\u00fcr <strong>allgemeine Anfragen<\/strong> schreiben Sie uns bitte unter:<br><a href=\"mailto: praxis@pneumologie-badtoelz.de\">praxis@pneumologie-badtoelz.de<\/a><\/p>\n\n\n\n<p>F\u00fcr <strong>Rezeptanfragen<\/strong> schreiben Sie uns bitte unter:<br><a rel=\"noreferrer noopener\" href=\"mailto:rezepte@pneumologie-badtoelz.de\" target=\"_blank\">rezepte@pneumologie-badtoelz.de<\/a><\/p>\n\n\n\n<p><\/p>\n\n\n\n<p><\/p>\n\n\n\n<p><\/p>\n\n\n\n<p><\/p>\n","protected":false},"excerpt":{"rendered":"<p>Dr. med. Sven B\u00f6hlandt Facharzt f\u00fcr LungenheilkundeGai\u00dfacherstr. 383646 Bad T\u00f6lz Tel.: +49 (0)8041 2586Fax: 08041\/1793 Der Zugang zu den Praxisr\u00e4umen ist barrierefrei. Bitte beachten Sie beim Besuch unserer Praxis , dass Sie bei grippalen Infektzeichen R\u00fccksprache mit der Praxis halten und nicht direkt einen Online-Termin vereinbaren. Wir bitten bei deutlichen grippalen Infektzeichen zum Schutz der [&hellip;]<\/p>\n","protected":false},"author":1,"featured_media":285,"parent":0,"menu_order":0,"comment_status":"closed","ping_status":"open","template":"","meta":{"footnotes":""},"class_list":["post-9","page","type-page","status-publish","has-post-thumbnail","hentry"],"_links":{"self":[{"href":"https:\/\/pneumologie-badtoelz.de\/index.php?rest_route=\/wp\/v2\/pages\/9","targetHints":{"allow":["GET"]}}],"collection":[{"href":"https:\/\/pneumologie-badtoelz.de\/index.php?rest_route=\/wp\/v2\/pages"}],"about":[{"href":"https:\/\/pneumologie-badtoelz.de\/index.php?rest_route=\/wp\/v2\/types\/page"}],"author":[{"embeddable":true,"href":"https:\/\/pneumologie-badtoelz.de\/index.php?rest_route=\/wp\/v2\/users\/1"}],"replies":[{"embeddable":true,"href":"https:\/\/pneumologie-badtoelz.de\/index.php?rest_route=%2Fwp%2Fv2%2Fcomments&post=9"}],"version-history":[{"count":51,"href":"https:\/\/pneumologie-badtoelz.de\/index.php?rest_route=\/wp\/v2\/pages\/9\/revisions"}],"predecessor-version":[{"id":493,"href":"https:\/\/pneumologie-badtoelz.de\/index.php?rest_route=\/wp\/v2\/pages\/9\/revisions\/493"}],"wp:featuredmedia":[{"embeddable":true,"href":"https:\/\/pneumologie-badtoelz.de\/index.php?rest_route=\/wp\/v2\/media\/285"}],"wp:attachment":[{"href":"https:\/\/pneumologie-badtoelz.de\/index.php?rest_route=%2Fwp%2Fv2%2Fmedia&parent=9"}],"curies":[{"name":"wp","href":"https:\/\/api.w.org\/{rel}","templated":true}]}}